{"id":286,"date":"2016-10-31T13:17:59","date_gmt":"2016-10-31T16:17:59","guid":{"rendered":"https:\/\/ispjmestrada-cba.infd.edu.ar\/sitio\/?page_id=286"},"modified":"2021-03-05T19:20:06","modified_gmt":"2021-03-05T22:20:06","slug":"inicio","status":"publish","type":"page","link":"https:\/\/ispjmestrada-cba.infd.edu.ar\/sitio\/","title":{"rendered":"Inicio"},"content":{"rendered":"<p><img decoding=\"async\" loading=\"lazy\" class=\"alignnone size-full wp-image-858\" src=\"https:\/\/ispjmestrada-cba.infd.edu.ar\/sitio\/wp-content\/uploads\/2021\/03\/WhatsApp-Image-2021-03-05-at-19.04.35.jpeg\" alt=\"\" width=\"603\" height=\"393\" \/><div id=\"metaslider-id-403\" style=\"width: 100%;\" class=\"ml-slider-3-33-0 metaslider metaslider-flex metaslider-403 ml-slider ms-theme-default\" role=\"region\" aria-roledescription=\"Slideshow\" aria-label=\"Slideshow\">\n    <div id=\"metaslider_container_403\">\n        <div id=\"metaslider_403\" class=\"flexslider\">\n            <ul aria-live=\"polite\" class=\"slides\">\n                <li style=\"display: block; width: 100%;\" class=\"slide-607 ms-image\" aria-roledescription=\"slide\" aria-label=\"slide-607\"><a href=\"https:\/\/mapa.infd.edu.ar\/\" target=\"_blank\"><img src=\"https:\/\/ispjmestrada-cba.infd.edu.ar\/sitio\/wp-content\/uploads\/2018\/06\/mapa_infd6-1100x200.png\" height=\"200\" width=\"1100\" alt=\"\" class=\"slider-403 slide-607\" title=\"mapa_infd6\" \/><\/a><\/li>\n                <li style=\"display: none; width: 100%;\" class=\"slide-609 ms-image\" aria-roledescription=\"slide\" aria-label=\"slide-609\"><a href=\"https:\/\/www.argentina.gob.ar\/educacion\/becas\" target=\"_blank\"><img src=\"https:\/\/ispjmestrada-cba.infd.edu.ar\/sitio\/wp-content\/uploads\/2018\/06\/becas7-1100x200.png\" height=\"200\" width=\"1100\" alt=\"\" class=\"slider-403 slide-609\" title=\"becas7\" \/><\/a><\/li>\n                <li style=\"display: none; width: 100%;\" class=\"slide-635 ms-image\" aria-roledescription=\"slide\" aria-label=\"slide-635\"><a href=\"https:\/\/www.argentina.gob.ar\/tema\/estudiar\/formacion-docencia\" target=\"_blank\"><img src=\"https:\/\/ispjmestrada-cba.infd.edu.ar\/sitio\/wp-content\/uploads\/2018\/06\/convocatorias_slide6-1-1100x200.png\" height=\"200\" width=\"1100\" alt=\"\" class=\"slider-403 slide-635\" title=\"convocatorias_slide6-1\" \/><\/a><\/li>\n            <\/ul>\n        <\/div>\n        \n    <\/div>\n<\/div><\/p>\n<p>Educaci\u00f3n de calidad<\/p>\n<p><img decoding=\"async\" loading=\"lazy\" class=\"alignnone wp-image-860\" src=\"https:\/\/ispjmestrada-cba.infd.edu.ar\/sitio\/wp-content\/uploads\/2021\/03\/WhatsApp-Image-2021-03-05-at-19.06.56-1000x918.jpeg\" alt=\"\" width=\"372\" height=\"342\" srcset=\"https:\/\/ispjmestrada-cba.infd.edu.ar\/sitio\/wp-content\/uploads\/2021\/03\/WhatsApp-Image-2021-03-05-at-19.06.56-1000x918.jpeg 1000w, https:\/\/ispjmestrada-cba.infd.edu.ar\/sitio\/wp-content\/uploads\/2021\/03\/WhatsApp-Image-2021-03-05-at-19.06.56-768x705.jpeg 768w, https:\/\/ispjmestrada-cba.infd.edu.ar\/sitio\/wp-content\/uploads\/2021\/03\/WhatsApp-Image-2021-03-05-at-19.06.56.jpeg 1048w\" sizes=\"(max-width: 372px) 100vw, 372px\" \/><\/p>\n<h4><strong>Texto destacado<\/strong><\/h4>\n<p>Descripci\u00f3n breve.<\/p>\n<p><span style=\"color: #0000ff;\">Educaci\u00f3n Personalizada <\/span><\/p>\n<p><img decoding=\"async\" loading=\"lazy\" class=\"alignnone wp-image-861\" src=\"https:\/\/ispjmestrada-cba.infd.edu.ar\/sitio\/wp-content\/uploads\/2021\/03\/WhatsApp-Image-2021-03-05-at-19.08.26-1000x999.jpeg\" alt=\"\" width=\"337\" height=\"337\" srcset=\"https:\/\/ispjmestrada-cba.infd.edu.ar\/sitio\/wp-content\/uploads\/2021\/03\/WhatsApp-Image-2021-03-05-at-19.08.26.jpeg 1000w, https:\/\/ispjmestrada-cba.infd.edu.ar\/sitio\/wp-content\/uploads\/2021\/03\/WhatsApp-Image-2021-03-05-at-19.08.26-500x500.jpeg 500w, https:\/\/ispjmestrada-cba.infd.edu.ar\/sitio\/wp-content\/uploads\/2021\/03\/WhatsApp-Image-2021-03-05-at-19.08.26-768x767.jpeg 768w\" sizes=\"(max-width: 337px) 100vw, 337px\" \/><\/p>\n<h4><strong>Educaci\u00f3n que no se detiene <\/strong><\/h4>\n<p><img decoding=\"async\" loading=\"lazy\" class=\"alignnone wp-image-862\" src=\"https:\/\/ispjmestrada-cba.infd.edu.ar\/sitio\/wp-content\/uploads\/2021\/03\/WhatsApp-Image-2021-03-05-at-19.06.56-1-1000x492.jpeg\" alt=\"\" width=\"421\" height=\"207\" srcset=\"https:\/\/ispjmestrada-cba.infd.edu.ar\/sitio\/wp-content\/uploads\/2021\/03\/WhatsApp-Image-2021-03-05-at-19.06.56-1-1000x492.jpeg 1000w, https:\/\/ispjmestrada-cba.infd.edu.ar\/sitio\/wp-content\/uploads\/2021\/03\/WhatsApp-Image-2021-03-05-at-19.06.56-1-768x378.jpeg 768w, https:\/\/ispjmestrada-cba.infd.edu.ar\/sitio\/wp-content\/uploads\/2021\/03\/WhatsApp-Image-2021-03-05-at-19.06.56-1.jpeg 1043w\" sizes=\"(max-width: 421px) 100vw, 421px\" \/><\/p>\n<h4><\/h4>\n<p>&nbsp;<\/p>\n","protected":false},"excerpt":{"rendered":"<p>Educaci\u00f3n de calidad Texto destacado Descripci\u00f3n breve. Educaci\u00f3n Personalizada Educaci\u00f3n que no se detiene &nbsp;<\/p>\n","protected":false},"author":1,"featured_media":0,"parent":0,"menu_order":0,"comment_status":"closed","ping_status":"closed","template":"","meta":[],"acf":[],"_links":{"self":[{"href":"https:\/\/ispjmestrada-cba.infd.edu.ar\/sitio\/wp-json\/wp\/v2\/pages\/286"}],"collection":[{"href":"https:\/\/ispjmestrada-cba.infd.edu.ar\/sitio\/wp-json\/wp\/v2\/pages"}],"about":[{"href":"https:\/\/ispjmestrada-cba.infd.edu.ar\/sitio\/wp-json\/wp\/v2\/types\/page"}],"author":[{"embeddable":true,"href":"https:\/\/ispjmestrada-cba.infd.edu.ar\/sitio\/wp-json\/wp\/v2\/users\/1"}],"replies":[{"embeddable":true,"href":"https:\/\/ispjmestrada-cba.infd.edu.ar\/sitio\/wp-json\/wp\/v2\/comments?post=286"}],"version-history":[{"count":86,"href":"https:\/\/ispjmestrada-cba.infd.edu.ar\/sitio\/wp-json\/wp\/v2\/pages\/286\/revisions"}],"predecessor-version":[{"id":865,"href":"https:\/\/ispjmestrada-cba.infd.edu.ar\/sitio\/wp-json\/wp\/v2\/pages\/286\/revisions\/865"}],"wp:attachment":[{"href":"https:\/\/ispjmestrada-cba.infd.edu.ar\/sitio\/wp-json\/wp\/v2\/media?parent=286"}],"curies":[{"name":"wp","href":"https:\/\/api.w.org\/{rel}","templated":true}]}}