{"id":683,"date":"2018-07-25T15:06:14","date_gmt":"2018-07-25T18:06:14","guid":{"rendered":"https:\/\/ispjmestrada-cba.infd.edu.ar\/sitio\/?page_id=683"},"modified":"2021-03-05T19:26:09","modified_gmt":"2021-03-05T22:26:09","slug":"institucional","status":"publish","type":"page","link":"https:\/\/ispjmestrada-cba.infd.edu.ar\/sitio\/institucional\/","title":{"rendered":"El Instituto"},"content":{"rendered":"<p><strong>El Profesorado fue creado en el a\u00f1o 1982 en la localidad de Villa de Soto y se traslad\u00f3 a la ciudad de Cruz del Eje en el a\u00f1o 1990 funcionando en el Complejo Educativo San Juan Pablo II.<\/strong><\/p>\n<p><strong>Integrado por un Representante Legal, Directora, Secretario, 16 Docentes y m\u00e1s de 80 alumnos provenientes del Noroeste de la Provincia de C\u00f3rdoba abarcando los Dptos. Cruz del eje, Ischil\u00edn, Pocho, Minas y Punilla.<\/strong><\/p>\n<p>Horario de Cursado: 17.40\u00a0 a 22.40hs<\/p>\n<p>Tel\u00e9fono:\u00a0 \u00a03549\u00a0 423705<\/p>\n<p><img decoding=\"async\" loading=\"lazy\" class=\"alignnone  wp-image-858\" src=\"https:\/\/ispjmestrada-cba.infd.edu.ar\/sitio\/wp-content\/uploads\/2021\/03\/WhatsApp-Image-2021-03-05-at-19.04.35.jpeg\" alt=\"\" width=\"684\" height=\"446\" \/><\/p>\n<p>&nbsp;<\/p>\n<p><img decoding=\"async\" loading=\"lazy\" class=\"alignnone size-medium wp-image-799\" src=\"https:\/\/ispjmestrada-cba.infd.edu.ar\/sitio\/wp-content\/uploads\/2019\/07\/Instituto-arbol-1000x604.jpg\" alt=\"\" width=\"1000\" height=\"604\" srcset=\"https:\/\/ispjmestrada-cba.infd.edu.ar\/sitio\/wp-content\/uploads\/2019\/07\/Instituto-arbol-1000x604.jpg 1000w, https:\/\/ispjmestrada-cba.infd.edu.ar\/sitio\/wp-content\/uploads\/2019\/07\/Instituto-arbol-768x464.jpg 768w, https:\/\/ispjmestrada-cba.infd.edu.ar\/sitio\/wp-content\/uploads\/2019\/07\/Instituto-arbol.jpg 1456w\" sizes=\"(max-width: 1000px) 100vw, 1000px\" \/> <img decoding=\"async\" loading=\"lazy\" class=\"alignnone size-medium wp-image-800\" src=\"https:\/\/ispjmestrada-cba.infd.edu.ar\/sitio\/wp-content\/uploads\/2019\/07\/Instituto-pasillo-1000x750.jpg\" alt=\"\" width=\"1000\" height=\"750\" srcset=\"https:\/\/ispjmestrada-cba.infd.edu.ar\/sitio\/wp-content\/uploads\/2019\/07\/Instituto-pasillo-1000x750.jpg 1000w, https:\/\/ispjmestrada-cba.infd.edu.ar\/sitio\/wp-content\/uploads\/2019\/07\/Instituto-pasillo-768x576.jpg 768w, https:\/\/ispjmestrada-cba.infd.edu.ar\/sitio\/wp-content\/uploads\/2019\/07\/Instituto-pasillo-1900x1425.jpg 1900w\" sizes=\"(max-width: 1000px) 100vw, 1000px\" \/><\/p>\n","protected":false},"excerpt":{"rendered":"<p>El Profesorado fue creado en el a\u00f1o 1982 en la localidad de Villa de Soto y se traslad\u00f3 a la ciudad de Cruz del Eje en el a\u00f1o 1990 funcionando en el Complejo Educativo San Juan Pablo II. Integrado por un Representante Legal, Directora, Secretario, 16 Docentes y m\u00e1s de 80 alumnos provenientes del Noroeste &#8230; <a title=\"El Instituto\" class=\"read-more\" href=\"https:\/\/ispjmestrada-cba.infd.edu.ar\/sitio\/institucional\/\" aria-label=\"More on El Instituto\">[+]<\/a><\/p>\n","protected":false},"author":6,"featured_media":0,"parent":0,"menu_order":0,"comment_status":"closed","ping_status":"closed","template":"","meta":[],"acf":[],"_links":{"self":[{"href":"https:\/\/ispjmestrada-cba.infd.edu.ar\/sitio\/wp-json\/wp\/v2\/pages\/683"}],"collection":[{"href":"https:\/\/ispjmestrada-cba.infd.edu.ar\/sitio\/wp-json\/wp\/v2\/pages"}],"about":[{"href":"https:\/\/ispjmestrada-cba.infd.edu.ar\/sitio\/wp-json\/wp\/v2\/types\/page"}],"author":[{"embeddable":true,"href":"https:\/\/ispjmestrada-cba.infd.edu.ar\/sitio\/wp-json\/wp\/v2\/users\/6"}],"replies":[{"embeddable":true,"href":"https:\/\/ispjmestrada-cba.infd.edu.ar\/sitio\/wp-json\/wp\/v2\/comments?post=683"}],"version-history":[{"count":8,"href":"https:\/\/ispjmestrada-cba.infd.edu.ar\/sitio\/wp-json\/wp\/v2\/pages\/683\/revisions"}],"predecessor-version":[{"id":866,"href":"https:\/\/ispjmestrada-cba.infd.edu.ar\/sitio\/wp-json\/wp\/v2\/pages\/683\/revisions\/866"}],"wp:attachment":[{"href":"https:\/\/ispjmestrada-cba.infd.edu.ar\/sitio\/wp-json\/wp\/v2\/media?parent=683"}],"curies":[{"name":"wp","href":"https:\/\/api.w.org\/{rel}","templated":true}]}}