{"id":734,"date":"2018-07-26T10:49:22","date_gmt":"2018-07-26T13:49:22","guid":{"rendered":"https:\/\/ispjmestrada-cba.infd.edu.ar\/sitio\/?page_id=734"},"modified":"2019-11-08T19:48:34","modified_gmt":"2019-11-08T22:48:34","slug":"plan-de-estudio","status":"publish","type":"page","link":"https:\/\/ispjmestrada-cba.infd.edu.ar\/sitio\/catalogo\/plan-de-estudio\/","title":{"rendered":"Plan de estudio"},"content":{"rendered":"<h4>Profesorado de Educaci\u00f3n Secundaria en Econom\u00eda<\/h4>\n<h4>Plan de estudios<\/h4>\n<p><strong>1er A\u00f1o:<\/strong><\/p>\n<p>Pedagog\u00eda\u00a0 (4hs)<\/p>\n<p>Problem\u00e1ticas Socioantropol\u00f3gicas en Educaci\u00f3n\u00a0 (3hs)<\/p>\n<p>Sociolog\u00eda\u00a0 (3hs)<\/p>\n<p>Pr\u00e1ctica Docente I (3hs)<\/p>\n<p>Introducci\u00f3n a la Econom\u00eda (3hs)<\/p>\n<p>Introducci\u00f3n a la Administraci\u00f3n (4hs)<\/p>\n<p>Introducci\u00f3n al Derecho\u00a0 (3hs)<\/p>\n<p>Sistemas de Informaci\u00f3n Contable (3hs)<\/p>\n<p>Introducci\u00f3n a la Matem\u00e1ticas\u00a0 (4hs)<\/p>\n<p><strong>2do A\u00f1o<\/strong><\/p>\n<p>Psicolog\u00eda y Educaci\u00f3n\u00a0 (4hs)<\/p>\n<p>Did\u00e1ctica General (3hs)<\/p>\n<p>Historia Social y Econ\u00f3mica de la Argentina (3hs)<\/p>\n<p>Pr\u00e1ctica Docente II (4hs)<\/p>\n<p>Microeconom\u00eda (4hs)<\/p>\n<p>Sistema de Informaci\u00f3n Contable II (4hs)<\/p>\n<p>Matem\u00e1ticas Financiera\u00a0 (3hs)<\/p>\n<p>Ciencias Econ\u00f3micas y su did\u00e1ctica I (3hs)<\/p>\n<p>Sujetos de la Educaci\u00f3n (3hs)<\/p>\n<p><strong>3er A\u00f1o<\/strong><\/p>\n<p>Historia y Pol\u00edtica de la Educaci\u00f3n Argentina (3hs)<\/p>\n<p>Filosof\u00eda y Educaci\u00f3n (3hs)<\/p>\n<p>Educaci\u00f3n Sexual Integral (2hs)<\/p>\n<p>Pr\u00e1ctica Docente III (5hs)<\/p>\n<p>Macroeconom\u00eda (4hs)<\/p>\n<p>Administraci\u00f3n y Organizaci\u00f3n (4hs)<\/p>\n<p>Costos y An\u00e1lisis de Estados Contables ( 4hs)<\/p>\n<p>Probabilidad y Estad\u00edsticas (3hs)<\/p>\n<p>Ciencias Econ\u00f3micas y su Didactica II (3hs)<\/p>\n<p>Historia del Pensamiento Econ\u00f3mico (3hs)<\/p>\n<p><strong>4to A\u00f1o<\/strong><\/p>\n<p>\u00c9tica y Construcci\u00f3n de Ciudadan\u00eda (3hs)<\/p>\n<p>Educaci\u00f3n Sexual Integral ESI (3hs)<\/p>\n<p>Problem\u00e1ticas y Desaf\u00edos de la Educaci\u00f3n (3hs)<\/p>\n<p>Pr\u00e1ctica Docente y Residencia (8hs)<\/p>\n<p>Econom\u00eda Financiera (3hs)<\/p>\n<p>Econom\u00eda del Sector P\u00fablico (3hs)<\/p>\n<p>Econom\u00eda y Desarrollo Sustentable (2hs)<\/p>\n<p>Teor\u00eda y Pr\u00e1ctica Impositiva ( 3hs)<\/p>\n<p>Derecho Civil, Comercial y Laboral (4hs)<\/p>\n<p>&nbsp;<\/p>\n<h4>Acerca de la carrera: permite el titulo trabajar como docente en todo el territorio del Pa\u00eds<\/h4>\n<p>&nbsp;<\/p>\n<h4>Plan de estudios<\/h4>\n<p>P\u00e1rrafo de texto normal<\/p>\n<p><strong>A\u00f1o<\/strong><\/p>\n<ul>\n<li><strong>Materia<\/strong><\/li>\n<\/ul>\n<p style=\"padding-left: 60px;\">Carga horaria<\/p>\n<p style=\"padding-left: 60px;\">Horario de cursado<\/p>\n<p>&nbsp;<\/p>\n<p>&nbsp;<\/p>\n<h4>Perfil del egresado<\/h4>\n<p>P\u00e1rrafo de texto normal<\/p>\n<p>&nbsp;<\/p>\n","protected":false},"excerpt":{"rendered":"<p>Profesorado de Educaci\u00f3n Secundaria en Econom\u00eda Plan de estudios 1er A\u00f1o: Pedagog\u00eda\u00a0 (4hs) Problem\u00e1ticas Socioantropol\u00f3gicas en Educaci\u00f3n\u00a0 (3hs) Sociolog\u00eda\u00a0 (3hs) Pr\u00e1ctica Docente I (3hs) Introducci\u00f3n a la Econom\u00eda (3hs) Introducci\u00f3n a la Administraci\u00f3n (4hs) Introducci\u00f3n al Derecho\u00a0 (3hs) Sistemas de Informaci\u00f3n Contable (3hs) Introducci\u00f3n a la Matem\u00e1ticas\u00a0 (4hs) 2do A\u00f1o Psicolog\u00eda y Educaci\u00f3n\u00a0 (4hs) Did\u00e1ctica &#8230; <a title=\"Plan de estudio\" class=\"read-more\" href=\"https:\/\/ispjmestrada-cba.infd.edu.ar\/sitio\/catalogo\/plan-de-estudio\/\" aria-label=\"More on Plan de estudio\">[+]<\/a><\/p>\n","protected":false},"author":6,"featured_media":0,"parent":644,"menu_order":0,"comment_status":"closed","ping_status":"closed","template":"","meta":[],"acf":[],"_links":{"self":[{"href":"https:\/\/ispjmestrada-cba.infd.edu.ar\/sitio\/wp-json\/wp\/v2\/pages\/734"}],"collection":[{"href":"https:\/\/ispjmestrada-cba.infd.edu.ar\/sitio\/wp-json\/wp\/v2\/pages"}],"about":[{"href":"https:\/\/ispjmestrada-cba.infd.edu.ar\/sitio\/wp-json\/wp\/v2\/types\/page"}],"author":[{"embeddable":true,"href":"https:\/\/ispjmestrada-cba.infd.edu.ar\/sitio\/wp-json\/wp\/v2\/users\/6"}],"replies":[{"embeddable":true,"href":"https:\/\/ispjmestrada-cba.infd.edu.ar\/sitio\/wp-json\/wp\/v2\/comments?post=734"}],"version-history":[{"count":8,"href":"https:\/\/ispjmestrada-cba.infd.edu.ar\/sitio\/wp-json\/wp\/v2\/pages\/734\/revisions"}],"predecessor-version":[{"id":806,"href":"https:\/\/ispjmestrada-cba.infd.edu.ar\/sitio\/wp-json\/wp\/v2\/pages\/734\/revisions\/806"}],"up":[{"embeddable":true,"href":"https:\/\/ispjmestrada-cba.infd.edu.ar\/sitio\/wp-json\/wp\/v2\/pages\/644"}],"wp:attachment":[{"href":"https:\/\/ispjmestrada-cba.infd.edu.ar\/sitio\/wp-json\/wp\/v2\/media?parent=734"}],"curies":[{"name":"wp","href":"https:\/\/api.w.org\/{rel}","templated":true}]}}